{"id":202,"date":"2021-05-30T12:13:09","date_gmt":"2021-05-30T10:13:09","guid":{"rendered":"https:\/\/www.xenesy.com\/?page_id=202"},"modified":"2025-06-01T14:22:15","modified_gmt":"2025-06-01T14:22:15","slug":"mentions-legales","status":"publish","type":"page","link":"https:\/\/formationtradingforex.com\/vi\/mentions-legales\/","title":{"rendered":"Mentions l\u00e9gales"},"content":{"rendered":"<div data-elementor-type=\"wp-page\" data-elementor-id=\"202\" class=\"elementor elementor-202\" data-elementor-post-type=\"page\">\n\t\t\t\t\t\t<section class=\"elementor-section elementor-top-section elementor-element elementor-element-88e7320 animated-slow elementor-section-boxed elementor-section-height-default elementor-section-height-default elementor-invisible\" data-id=\"88e7320\" data-element_type=\"section\" data-e-type=\"section\" data-settings=\"{&quot;background_background&quot;:&quot;classic&quot;,&quot;animation&quot;:&quot;fadeIn&quot;}\">\n\t\t\t\t\t\t<div class=\"elementor-container elementor-column-gap-default\">\n\t\t\t\t\t<div class=\"elementor-column elementor-col-100 elementor-top-column elementor-element elementor-element-218dd98\" data-id=\"218dd98\" data-element_type=\"column\" data-e-type=\"column\">\n\t\t\t<div class=\"elementor-widget-wrap elementor-element-populated\">\n\t\t\t\t\t\t<div class=\"elementor-element elementor-element-6b92f1a elementor-view-default elementor-widget elementor-widget-icon\" data-id=\"6b92f1a\" data-element_type=\"widget\" data-e-type=\"widget\" data-widget_type=\"icon.default\">\n\t\t\t\t\t\t\t<div class=\"elementor-icon-wrapper\">\n\t\t\t<div class=\"elementor-icon\">\n\t\t\t<svg aria-hidden=\"true\" class=\"e-font-icon-svg e-fas-ellipsis-h\" viewbox=\"0 0 512 512\" xmlns=\"http:\/\/www.w3.org\/2000\/svg\"><path d=\"M328 256c0 39.8-32.2 72-72 72s-72-32.2-72-72 32.2-72 72-72 72 32.2 72 72zm104-72c-39.8 0-72 32.2-72 72s32.2 72 72 72 72-32.2 72-72-32.2-72-72-72zm-352 0c-39.8 0-72 32.2-72 72s32.2 72 72 72 72-32.2 72-72-32.2-72-72-72z\"><\/path><\/svg>\t\t\t<\/div>\n\t\t<\/div>\n\t\t\t\t\t\t<\/div>\n\t\t\t\t<div class=\"elementor-element elementor-element-f77b022 elementor-widget elementor-widget-heading\" data-id=\"f77b022\" data-element_type=\"widget\" data-e-type=\"widget\" data-widget_type=\"heading.default\">\n\t\t\t\t\t<h1 class=\"elementor-heading-title elementor-size-default\">Mentions l\u00e9gales<\/h1>\t\t\t\t<\/div>\n\t\t\t\t<div class=\"elementor-element elementor-element-cb1746f elementor-widget-divider--view-line elementor-widget elementor-widget-divider\" data-id=\"cb1746f\" data-element_type=\"widget\" data-e-type=\"widget\" data-widget_type=\"divider.default\">\n\t\t\t\t\t\t\t<div class=\"elementor-divider\">\n\t\t\t<span class=\"elementor-divider-separator\">\n\t\t\t\t\t\t<\/span>\n\t\t<\/div>\n\t\t\t\t\t\t<\/div>\n\t\t\t\t<div class=\"elementor-element elementor-element-0cb52ff elementor-widget elementor-widget-heading\" data-id=\"0cb52ff\" data-element_type=\"widget\" data-e-type=\"widget\" data-widget_type=\"heading.default\">\n\t\t\t\t\t<h3 class=\"elementor-heading-title elementor-size-default\">Informations l\u00e9gales<\/h3>\t\t\t\t<\/div>\n\t\t\t\t<div class=\"elementor-element elementor-element-c213d62 elementor-widget elementor-widget-text-editor\" data-id=\"c213d62\" data-element_type=\"widget\" data-e-type=\"widget\" data-widget_type=\"text-editor.default\">\n\t\t\t\t\t\t\t\t\t<p>Le pr\u00e9sent site internet, accessible aux adresses suivantes :\u00a0<\/p><p><strong>&#8211; <a href=\"https:\/\/xenesy.com\" target=\"_blank\" rel=\"noopener\">site internet vitrine https:\/\/xenesy.com<\/a><\/strong>\u00a0<\/p><p>&#8211; <a href=\"https:\/\/xenesyproject.com\" target=\"_blank\" rel=\"noopener\">centre de formation https:\/\/xenesyproject.com<\/a><\/p><p>&#8211; <a href=\"https:\/\/formationtradingforex.com\/vi\/\">site internet vitrine https:\/\/formationtradingforex.com\u00a0<\/a><\/p><p>sont \u00e9dit\u00e9s par <strong>XENESY LIMITED<\/strong>, soci\u00e9t\u00e9 enregistr\u00e9e \u00e0 <strong>\u00a0Hong Kong<\/strong>, sous le num\u00e9ro d\u2019enregistrement <b>2955957<\/b>.<\/p><ul><li><strong>Adresse du si\u00e8ge social :<\/strong> 2301, BAYFIELD Building, 99 henessy road wanchai<\/li><li><strong>Contact :<\/strong> contact@xenesy.com<\/li><li><strong>Directeur de publication : <\/strong>Graphistique<\/li><li><strong>H\u00e9bergeur du site : <\/strong>Hetzner Online GmbH Industriestr. 25 &#8211; 91710 Gunzenhausen, Germany.\u00a0 Tel: +49 (0)9831 505-0<\/li><\/ul>\t\t\t\t\t\t\t\t<\/div>\n\t\t\t\t<div class=\"elementor-element elementor-element-d4487eb elementor-widget elementor-widget-heading\" data-id=\"d4487eb\" data-element_type=\"widget\" data-e-type=\"widget\" data-widget_type=\"heading.default\">\n\t\t\t\t\t<h3 class=\"elementor-heading-title elementor-size-default\">Conditions g\u00e9n\u00e9rales d\u2019utilisation du site et des services propos\u00e9s<\/h3>\t\t\t\t<\/div>\n\t\t\t\t<div class=\"elementor-element elementor-element-f898ede elementor-widget elementor-widget-text-editor\" data-id=\"f898ede\" data-element_type=\"widget\" data-e-type=\"widget\" data-widget_type=\"text-editor.default\">\n\t\t\t\t\t\t\t\t\t<p>L\u2019utilisation des sites <strong>xenesy.com<\/strong>, <strong>xenesyproject.com<\/strong>, et <strong>formationtradingforex.com<\/strong> implique l\u2019acceptation pleine et enti\u00e8re des pr\u00e9sentes conditions g\u00e9n\u00e9rales d\u2019utilisation. Ces conditions peuvent \u00eatre modifi\u00e9es ou compl\u00e9t\u00e9es \u00e0 tout moment ; les utilisateurs sont donc invit\u00e9s \u00e0 les consulter r\u00e9guli\u00e8rement.<\/p><p>Les sites sont accessibles en permanence, sauf interruption pour maintenance technique ou en cas de force majeure. Dans ce cas, <strong>XENESY LIMITED<\/strong> s\u2019efforcera d\u2019informer les utilisateurs \u00e0 l\u2019avance des dates et heures de l\u2019intervention.<\/p>\t\t\t\t\t\t\t\t<\/div>\n\t\t\t\t<div class=\"elementor-element elementor-element-19eba3d elementor-widget elementor-widget-heading\" data-id=\"19eba3d\" data-element_type=\"widget\" data-e-type=\"widget\" data-widget_type=\"heading.default\">\n\t\t\t\t\t<h3 class=\"elementor-heading-title elementor-size-default\">Description des services fournis<\/h3>\t\t\t\t<\/div>\n\t\t\t\t<div class=\"elementor-element elementor-element-9803095 elementor-widget elementor-widget-text-editor\" data-id=\"9803095\" data-element_type=\"widget\" data-e-type=\"widget\" data-widget_type=\"text-editor.default\">\n\t\t\t\t\t\t\t\t\t<p>Le site www.xenesy.com \u00a0a pour objet de fournir une information concernant l\u2019ensemble des activit\u00e9s de la soci\u00e9t\u00e9.<\/p><ul><li><p><strong>xenesy.com<\/strong> :<br \/>Site vitrine de <strong>XENESY LIMITED<\/strong>, pr\u00e9sentant les activit\u00e9s g\u00e9n\u00e9rales de la soci\u00e9t\u00e9.<\/p><\/li><li><p><strong>xenesyproject.com<\/strong> :<br \/>Plateforme \u00e9ducative d\u00e9di\u00e9e \u00e0 l&rsquo;apprentissage via des podcasts, vid\u00e9os, pdf et formation en ligne li\u00e9 \u00e0 l&rsquo;\u00e9ducation sur les march\u00e9s financiers, psychologie et d&rsquo;autres th\u00e9matiques.Les formations propos\u00e9es sont destin\u00e9es exclusivement \u00e0 un usage \u00e9ducatif et ne constituent en aucun cas des conseils financiers ou des services d\u2019investissement.<\/p><\/li><li><p><strong>formationtradingforex.com<\/strong> :<br \/>Plateforme \u00e9ducative sp\u00e9cialis\u00e9e dans la formation au trading et aux march\u00e9s financiers. Les formations propos\u00e9es sont destin\u00e9es exclusivement \u00e0 un usage \u00e9ducatif et ne constituent en aucun cas des conseils financiers ou des services d\u2019investissement.<\/p><\/li><\/ul><p>XENESY LIMITED s\u2019efforce de fournir sur le site\u00a0www.xenesy.com\u00a0des informations aussi pr\u00e9cises que possible. Toutefois, il ne pourra \u00eatre tenue responsable des omissions, des inexactitudes et des carences dans la mise \u00e0 jour, qu\u2019elles soient de son fait ou du fait des tiers partenaires qui lui fournissent ces informations.<\/p><p>Tous les informations indiqu\u00e9es sur le site\u00a0www.xenesy.com\u00a0sont donn\u00e9es \u00e0 titre indicatif, et sont susceptibles d\u2019\u00e9voluer. Par ailleurs, les renseignements figurant sur le site\u00a0www.xenesy.com\u00a0ne sont pas exhaustifs. Ils sont donn\u00e9s sous r\u00e9serve de modifications ayant \u00e9t\u00e9 apport\u00e9es depuis leur mise en ligne.<\/p>\t\t\t\t\t\t\t\t<\/div>\n\t\t\t\t<div class=\"elementor-element elementor-element-7611be6 elementor-widget elementor-widget-heading\" data-id=\"7611be6\" data-element_type=\"widget\" data-e-type=\"widget\" data-widget_type=\"heading.default\">\n\t\t\t\t\t<h3 class=\"elementor-heading-title elementor-size-default\">Limitations contractuelles sur les donn\u00e9es techniques<\/h3>\t\t\t\t<\/div>\n\t\t\t\t<div class=\"elementor-element elementor-element-2cb1dce elementor-widget elementor-widget-text-editor\" data-id=\"2cb1dce\" data-element_type=\"widget\" data-e-type=\"widget\" data-widget_type=\"text-editor.default\">\n\t\t\t\t\t\t\t\t\t<p>Le site utilise la technologie JavaScript.<\/p><p>Le site Internet ne pourra \u00eatre tenu responsable de dommages mat\u00e9riels li\u00e9s \u00e0 l\u2019utilisation du site. De plus, l\u2019utilisateur du site s\u2019engage \u00e0 acc\u00e9der au site en utilisant un mat\u00e9riel r\u00e9cent, ne contenant pas de virus et avec un navigateur de derni\u00e8re g\u00e9n\u00e9ration mis-\u00e0-jour<\/p>\t\t\t\t\t\t\t\t<\/div>\n\t\t\t\t<div class=\"elementor-element elementor-element-cbb6890 elementor-widget elementor-widget-heading\" data-id=\"cbb6890\" data-element_type=\"widget\" data-e-type=\"widget\" data-widget_type=\"heading.default\">\n\t\t\t\t\t<h3 class=\"elementor-heading-title elementor-size-default\">Propri\u00e9t\u00e9 intellectuelle et contrefa\u00e7ons<\/h3>\t\t\t\t<\/div>\n\t\t\t\t<div class=\"elementor-element elementor-element-8c7c214 elementor-widget elementor-widget-text-editor\" data-id=\"8c7c214\" data-element_type=\"widget\" data-e-type=\"widget\" data-widget_type=\"text-editor.default\">\n\t\t\t\t\t\t\t\t\t<p>XENESY LIMITED est propri\u00e9taire des droits de propri\u00e9t\u00e9 intellectuelle ou d\u00e9tient les droits d\u2019usage sur tous les \u00e9l\u00e9ments accessibles sur le site, notamment les textes, images, graphismes, logo, ic\u00f4nes, sons, logiciels.<br \/><br \/>Toute reproduction, repr\u00e9sentation, modification, publication, adaptation de tout ou partie des \u00e9l\u00e9ments du site, quel que soit le moyen ou le proc\u00e9d\u00e9 utilis\u00e9, est interdite, sauf autorisation \u00e9crite pr\u00e9alable de&amp;nbsp;: XENESY LIMITED<br \/><br \/>Toute exploitation non autoris\u00e9e du site ou de l\u2019un quelconque des \u00e9l\u00e9ments qu\u2019il contient sera consid\u00e9r\u00e9e comme constitutive d\u2019une contrefa\u00e7on et poursuivie .<\/p>\t\t\t\t\t\t\t\t<\/div>\n\t\t\t\t<div class=\"elementor-element elementor-element-d0450b6 elementor-widget elementor-widget-heading\" data-id=\"d0450b6\" data-element_type=\"widget\" data-e-type=\"widget\" data-widget_type=\"heading.default\">\n\t\t\t\t\t<h3 class=\"elementor-heading-title elementor-size-default\">Limitations de responsabilit\u00e9<\/h3>\t\t\t\t<\/div>\n\t\t\t\t<div class=\"elementor-element elementor-element-91dee33 elementor-widget elementor-widget-text-editor\" data-id=\"91dee33\" data-element_type=\"widget\" data-e-type=\"widget\" data-widget_type=\"text-editor.default\">\n\t\t\t\t\t\t\t\t\t<ul><li><p><strong>Usage \u00e9ducatif et absence de garanties<\/strong><br \/>Les contenus et formations propos\u00e9s sur les sites sont fournis \u00e0 des fins exclusivement \u00e9ducatives. <strong>XENESY LIMITED<\/strong> d\u00e9cline toute responsabilit\u00e9 quant aux d\u00e9cisions ou r\u00e9sultats financiers des utilisateurs.<\/p><\/li><li><p><strong>Dommages mat\u00e9riels et techniques<\/strong><br \/><strong>XENESY LIMITED<\/strong> ne saurait \u00eatre tenu responsable des dommages mat\u00e9riels li\u00e9s \u00e0 l\u2019utilisation des sites, notamment en cas de bugs, incompatibilit\u00e9s ou virus.<\/p><\/li><li><p><strong>Responsabilit\u00e9 de l\u2019utilisateur<\/strong><br \/>L\u2019utilisateur est seul responsable des \u00e9quipements qu\u2019il utilise pour acc\u00e9der aux sites et s\u2019engage \u00e0 utiliser un mat\u00e9riel exempt de virus et avec un navigateur \u00e0 jour.<\/p><\/li><\/ul><p>Des espaces interactifs (possibilit\u00e9 de poser des questions dans l\u2019espace contact) sont \u00e0 la disposition des utilisateurs. XENESY LIMITED \u00a0se r\u00e9serve le droit de supprimer, sans mise en demeure pr\u00e9alable, tout contenu d\u00e9pos\u00e9 dans cet espace qui contreviendrait \u00e0 la l\u00e9gislation applicable en France, en particulier aux dispositions relatives \u00e0 la protection des donn\u00e9es. Le cas \u00e9ch\u00e9ant, XENESY LIMITED \u00a0se r\u00e9serve \u00e9galement la possibilit\u00e9 de mettre en cause la responsabilit\u00e9 civile et\/ou p\u00e9nale de l\u2019utilisateur, notamment en cas de message \u00e0 caract\u00e8re raciste, injurieux, diffamant, ou pornographique, quel que soit le support utilis\u00e9 (texte, photographie\u2026)<\/p>\t\t\t\t\t\t\t\t<\/div>\n\t\t\t\t<div class=\"elementor-element elementor-element-5dca670 elementor-widget elementor-widget-heading\" data-id=\"5dca670\" data-element_type=\"widget\" data-e-type=\"widget\" data-widget_type=\"heading.default\">\n\t\t\t\t\t<h3 class=\"elementor-heading-title elementor-size-default\">Clause sur les risques financiers<\/h3>\t\t\t\t<\/div>\n\t\t\t\t<div class=\"elementor-element elementor-element-43c30aa elementor-widget elementor-widget-text-editor\" data-id=\"43c30aa\" data-element_type=\"widget\" data-e-type=\"widget\" data-widget_type=\"text-editor.default\">\n\t\t\t\t\t\t\t\t\t<p>Les formations et contenus propos\u00e9s par <strong>Xenesy Ltd dans ses formations en ligne via ses sites internet (mentionn\u00e9es ci-dessus) <\/strong>\u00a0ne garantissent aucun r\u00e9sultat financier. Le trading sur les march\u00e9s financiers comporte des risques \u00e9lev\u00e9s, y compris la perte totale ou partielle de votre capital. Les utilisateurs doivent \u00eatre pleinement conscients de ces risques avant de prendre toute d\u00e9cision d\u2019investissement.<\/p>\t\t\t\t\t\t\t\t<\/div>\n\t\t\t\t<div class=\"elementor-element elementor-element-07fb18a elementor-widget elementor-widget-heading\" data-id=\"07fb18a\" data-element_type=\"widget\" data-e-type=\"widget\" data-widget_type=\"heading.default\">\n\t\t\t\t\t<h3 class=\"elementor-heading-title elementor-size-default\">Gestion des donn\u00e9es personnelles.<\/h3>\t\t\t\t<\/div>\n\t\t\t\t<div class=\"elementor-element elementor-element-0a7729d elementor-widget elementor-widget-text-editor\" data-id=\"0a7729d\" data-element_type=\"widget\" data-e-type=\"widget\" data-widget_type=\"text-editor.default\">\n\t\t\t\t\t\t\t\t\t<p>En France, les donn\u00e9es personnelles sont notamment prot\u00e9g\u00e9es par la loi n\u00b0 78-87 du 6 janvier 1978, la loi n\u00b0 2004-801 du 6 ao\u00fbt 2004, l\u2019article L. 226-13 du Code p\u00e9nal et la Directive Europ\u00e9enne du 24 octobre 1995.<\/p><p>A l\u2019occasion de l\u2019utilisation du site www.xenesy.com , peuvent \u00eatres recueillies : l\u2019URL des liens par l\u2019interm\u00e9diaire desquels l\u2019utilisateur a acc\u00e9d\u00e9 au site www.xenesy.com, le fournisseur d\u2019acc\u00e8s de l\u2019utilisateur, l\u2019adresse de protocole Internet (IP) de l\u2019utilisateur.<\/p><p>En tout \u00e9tat de cause XENESY LIMITED ne collecte des informations personnelles relatives \u00e0 l\u2019utilisateur que pour le besoin de certains services propos\u00e9s par le site&amp;nbsp;www.xenesy.com. L\u2019utilisateur fournit ces informations en toute connaissance de cause, notamment lorsqu\u2019il proc\u00e8de par lui-m\u00eame \u00e0 leur saisie. Il est alors pr\u00e9cis\u00e9 \u00e0 l\u2019utilisateur du site&amp;nbsp;www.xenesy.com&amp;nbsp;l\u2019obligation ou non de fournir ces informations.<\/p><p>Aucune information personnelle de l\u2019utilisateur du site&amp;nbsp;www.xenesy.com&amp;nbsp;n\u2019est publi\u00e9e \u00e0 l\u2019insu de l\u2019utilisateur, \u00e9chang\u00e9e, transf\u00e9r\u00e9e, c\u00e9d\u00e9e ou vendue sur un support quelconque \u00e0 des tiers. Seule l\u2019hypoth\u00e8se du rachat de XENESY LIMITED et de ses droits permettrait la transmission des dites informations \u00e0 l\u2019\u00e9ventuel acqu\u00e9reur qui serait \u00e0 son tour tenu de la m\u00eame obligation de conservation et de modification des donn\u00e9es vis \u00e0 vis de l\u2019utilisateur du site&amp;nbsp;www.xenesy.com<\/p>\t\t\t\t\t\t\t\t<\/div>\n\t\t\t\t<div class=\"elementor-element elementor-element-b8b5d17 elementor-widget elementor-widget-heading\" data-id=\"b8b5d17\" data-element_type=\"widget\" data-e-type=\"widget\" data-widget_type=\"heading.default\">\n\t\t\t\t\t<h3 class=\"elementor-heading-title elementor-size-default\">Liens hypertextes et cookies<\/h3>\t\t\t\t<\/div>\n\t\t\t\t<div class=\"elementor-element elementor-element-53aadfe elementor-widget elementor-widget-text-editor\" data-id=\"53aadfe\" data-element_type=\"widget\" data-e-type=\"widget\" data-widget_type=\"text-editor.default\">\n\t\t\t\t\t\t\t\t\t<p>Les sites <strong>xenesy.com<\/strong>, <strong>xenesyproject.com<\/strong>, et <strong>formationtradingforex.com<\/strong> contiennent des liens hypertextes vers d\u2019autres sites. <strong>XENESY LIMITED<\/strong> d\u00e9cline toute responsabilit\u00e9 quant au contenu des sites tiers accessibles via ces liens.<\/p><p>La navigation sur le site\u00a0www.xenesy.com\u00a0et www.xenesyproject.com est susceptible de provoquer l\u2019installation de cookie(s) sur l\u2019ordinateur de l\u2019utilisateur. Un cookie est un fichier de petite taille, qui ne permet pas l\u2019identification de l\u2019utilisateur, mais qui enregistre des informations relatives \u00e0 la navigation d\u2019un ordinateur sur un site. Les donn\u00e9es ainsi obtenues visent \u00e0 faciliter la navigation ult\u00e9rieure sur le site, et ont \u00e9galement vocation \u00e0 permettre diverses mesures de fr\u00e9quentation.<\/p><p>Le refus d\u2019installation d\u2019un cookie peut entra\u00eener l\u2019impossibilit\u00e9 d\u2019acc\u00e9der \u00e0 certains services. L\u2019utilisateur peut toutefois configurer son ordinateur de la mani\u00e8re suivante, pour refuser l\u2019installation des cookies :<\/p><p>Sous Internet Explorer : onglet outil (pictogramme en forme de rouage en haut a droite) \/ options internet. Cliquez sur Confidentialit\u00e9 et choisissez Bloquer tous les cookies. Validez sur Ok.<\/p><p>Sous Firefox : en haut de la fen\u00eatre du navigateur, cliquez sur le bouton Firefox, puis aller dans l\u2019onglet Options. Cliquer sur l\u2019onglet Vie priv\u00e9e.<br \/>Param\u00e9trez les R\u00e8gles de conservation sur : utiliser les param\u00e8tres personnalis\u00e9s pour l\u2019historique. Enfin d\u00e9cochez-la pour d\u00e9sactiver les cookies.<\/p><p>Sous Safari : Cliquez en haut \u00e0 droite du navigateur sur le pictogramme de menu (symbolis\u00e9 par un rouage). S\u00e9lectionnez Param\u00e8tres. Cliquez sur Afficher les param\u00e8tres avanc\u00e9s. Dans la section \u00ab Confidentialit\u00e9 \u00bb, cliquez sur Param\u00e8tres de contenu. Dans la section \u00ab Cookies \u00bb, vous pouvez bloquer les cookies.<\/p><p>Sous Chrome : Cliquez en haut \u00e0 droite du navigateur sur le pictogramme de menu (symbolis\u00e9 par trois lignes horizontales). S\u00e9lectionnez Param\u00e8tres. Cliquez sur Afficher les param\u00e8tres avanc\u00e9s. Dans la section \u00ab\u00a0Confidentialit\u00e9\u00a0\u00bb, cliquez sur pr\u00e9f\u00e9rences. Dans l\u2019onglet \u00ab\u00a0Confidentialit\u00e9\u00a0\u00bb, vous pouvez bloquer les cookies.<\/p>\t\t\t\t\t\t\t\t<\/div>\n\t\t\t\t<div class=\"elementor-element elementor-element-4dba714 elementor-widget elementor-widget-heading\" data-id=\"4dba714\" data-element_type=\"widget\" data-e-type=\"widget\" data-widget_type=\"heading.default\">\n\t\t\t\t\t<h3 class=\"elementor-heading-title elementor-size-default\">Conditions g\u00e9n\u00e9rales d\u2019utilisation du site et des services propos\u00e9s<\/h3>\t\t\t\t<\/div>\n\t\t\t\t<div class=\"elementor-element elementor-element-ae41702 elementor-widget elementor-widget-text-editor\" data-id=\"ae41702\" data-element_type=\"widget\" data-e-type=\"widget\" data-widget_type=\"text-editor.default\">\n\t\t\t\t\t\t\t\t\t<p>L\u2019utilisation du site\u00a0https:\/\/xenesy.com\u00a0et https:\/\/xenesyproject.com implique l\u2019acceptation pleine et enti\u00e8re des conditions g\u00e9n\u00e9rales d\u2019utilisation ci-apr\u00e8s d\u00e9crites. Ces conditions d\u2019utilisation sont susceptibles d\u2019\u00eatre modifi\u00e9es ou compl\u00e9t\u00e9es \u00e0 tout moment, les utilisateurs du site\u00a0www.xenesy.comt\u00a0sont donc invit\u00e9s \u00e0 les consulter de mani\u00e8re r\u00e9guli\u00e8re.<br \/><br \/>Ce site est normalement accessible \u00e0 tout moment aux utilisateurs. Une interruption pour raison de maintenance technique peut \u00eatre toutefois d\u00e9cid\u00e9e par XENESY LIMITED, qui s\u2019efforcera alors de communiquer pr\u00e9alablement aux utilisateurs les dates et heures de l\u2019intervention.<br \/><br \/>Le site\u00a0www.xenesy.com et www.xenesyproject.com\u00a0sont mis \u00e0 jour r\u00e9guli\u00e8rement. De la m\u00eame fa\u00e7on, les mentions l\u00e9gales peuvent \u00eatre modifi\u00e9es \u00e0 tout moment : elles s\u2019imposent n\u00e9anmoins \u00e0 l\u2019utilisateur qui est invit\u00e9 \u00e0 s\u2019y r\u00e9f\u00e9rer le plus souvent possible afin d\u2019en prendre connaissance.<\/p>\t\t\t\t\t\t\t\t<\/div>\n\t\t\t\t<div class=\"elementor-element elementor-element-f0043f5 elementor-widget elementor-widget-heading\" data-id=\"f0043f5\" data-element_type=\"widget\" data-e-type=\"widget\" data-widget_type=\"heading.default\">\n\t\t\t\t\t<h3 class=\"elementor-heading-title elementor-size-default\">Clause sp\u00e9cifique<\/h3>\t\t\t\t<\/div>\n\t\t\t\t<div class=\"elementor-element elementor-element-454a459 elementor-widget elementor-widget-text-editor\" data-id=\"454a459\" data-element_type=\"widget\" data-e-type=\"widget\" data-widget_type=\"text-editor.default\">\n\t\t\t\t\t\t\t\t\t<p><strong>Avertissement sur la nature \u00e9ducative des contenus<\/strong><\/p><p>Les sites <strong>xenesy.com<\/strong>, <strong>xenesyproject.com<\/strong>, et <strong>formationtradingforex.com<\/strong> ont pour vocation exclusive de fournir des contenus et formations \u00e0 caract\u00e8re \u00e9ducatif. <strong>Ces sites ne constituent ni une offre d\u2019investissement, ni un conseil financier personnalis\u00e9<\/strong>. Les informations et exemples fournis dans le cadre des formations ou contenus publi\u00e9s sont uniquement destin\u00e9s \u00e0 d\u00e9velopper les connaissances des utilisateurs dans les domaines abord\u00e9s.<\/p><p>Les utilisateurs sont inform\u00e9s que <strong>les performances pass\u00e9es mentionn\u00e9es dans les contenus \u00e9ducatifs ne garantissent en aucun cas les r\u00e9sultats futurs<\/strong>. Toute d\u00e9cision prise par les utilisateurs sur la base des informations fournies rel\u00e8ve de leur seule responsabilit\u00e9.<\/p><p><strong>Ind\u00e9pendance et absence d\u2019affiliation financi\u00e8re<\/strong><\/p><p>Les sites <strong>xenesy.com<\/strong>, <strong>xenesyproject.com<\/strong>, et <strong>formationtradingforex.com<\/strong> d\u00e9clarent explicitement qu\u2019ils ne sont affili\u00e9s \u00e0 <strong>aucun courtier, institution financi\u00e8re, ou organisme de gestion d\u2019investissement<\/strong>.<\/p><p>Aucun service propos\u00e9 par ces sites ne vise \u00e0 fournir des recommandations d\u2019achat, de vente, ou de d\u00e9tention d\u2019instruments financiers, ni \u00e0 g\u00e9rer des fonds ou des investissements pour le compte des utilisateurs.<\/p><p><strong>Responsabilit\u00e9 de l\u2019utilisateur<\/strong><\/p><p>Il appartient aux utilisateurs d\u2019\u00e9valuer soigneusement leur propre situation financi\u00e8re et d\u2019obtenir, si n\u00e9cessaire, un avis ind\u00e9pendant avant d\u2019entreprendre toute activit\u00e9 de trading ou d\u2019investissement.<\/p>\t\t\t\t\t\t\t\t<\/div>\n\t\t\t\t\t<\/div>\n\t\t<\/div>\n\t\t\t\t\t<\/div>\n\t\t<\/section>\n\t\t\t\t<section class=\"elementor-section elementor-top-section elementor-element elementor-element-5192e14 elementor-section-boxed elementor-section-height-default elementor-section-height-default\" data-id=\"5192e14\" data-element_type=\"section\" data-e-type=\"section\" data-settings=\"{&quot;background_background&quot;:&quot;classic&quot;}\">\n\t\t\t\t\t\t<div class=\"elementor-container elementor-column-gap-default\">\n\t\t\t\t\t<div class=\"elementor-column elementor-col-100 elementor-top-column elementor-element elementor-element-8733154\" data-id=\"8733154\" data-element_type=\"column\" data-e-type=\"column\">\n\t\t\t<div class=\"elementor-widget-wrap elementor-element-populated\">\n\t\t\t\t\t\t<div class=\"elementor-element elementor-element-de4d001 elementor-widget elementor-widget-text-editor\" data-id=\"de4d001\" data-element_type=\"widget\" data-e-type=\"widget\" data-widget_type=\"text-editor.default\">\n\t\t\t\t\t\t\t\t\t<p>\u00a9 2020 &#8211; 2024 XENESY LTD &#8211; Tous droits r\u00e9serv\u00e9s<\/p>\t\t\t\t\t\t\t\t<\/div>\n\t\t\t\t\t<\/div>\n\t\t<\/div>\n\t\t\t\t\t<\/div>\n\t\t<\/section>\n\t\t\t\t<\/div>","protected":false},"excerpt":{"rendered":"<p>Mentions l\u00e9gales Informations l\u00e9gales Le pr\u00e9sent site internet, accessible aux adresses suivantes :\u00a0 &#8211; site internet vitrine https:\/\/xenesy.com\u00a0 &#8211; centre de formation https:\/\/xenesyproject.com &#8211; site internet vitrine https:\/\/formationtradingforex.com\u00a0 sont \u00e9dit\u00e9s par XENESY LIMITED, soci\u00e9t\u00e9 enregistr\u00e9e \u00e0 \u00a0Hong Kong, sous le num\u00e9ro d\u2019enregistrement 2955957. Adresse du si\u00e8ge social : 2301, BAYFIELD Building, 99 henessy road wanchai [&hellip;]<\/p>\n","protected":false},"author":1,"featured_media":0,"parent":0,"menu_order":21,"comment_status":"closed","ping_status":"closed","template":"elementor_canvas","meta":{"footnotes":""},"class_list":["post-202","page","type-page","status-publish","hentry"],"_links":{"self":[{"href":"https:\/\/formationtradingforex.com\/vi\/wp-json\/wp\/v2\/pages\/202","targetHints":{"allow":["GET"]}}],"collection":[{"href":"https:\/\/formationtradingforex.com\/vi\/wp-json\/wp\/v2\/pages"}],"about":[{"href":"https:\/\/formationtradingforex.com\/vi\/wp-json\/wp\/v2\/types\/page"}],"author":[{"embeddable":true,"href":"https:\/\/formationtradingforex.com\/vi\/wp-json\/wp\/v2\/users\/1"}],"replies":[{"embeddable":true,"href":"https:\/\/formationtradingforex.com\/vi\/wp-json\/wp\/v2\/comments?post=202"}],"version-history":[{"count":0,"href":"https:\/\/formationtradingforex.com\/vi\/wp-json\/wp\/v2\/pages\/202\/revisions"}],"wp:attachment":[{"href":"https:\/\/formationtradingforex.com\/vi\/wp-json\/wp\/v2\/media?parent=202"}],"curies":[{"name":"wp","href":"https:\/\/api.w.org\/{rel}","templated":true}]}}