{"id":1869,"date":"2024-11-17T08:02:44","date_gmt":"2024-11-17T08:02:44","guid":{"rendered":"https:\/\/formationtradingforex.com\/?page_id=1869"},"modified":"2025-10-28T06:06:50","modified_gmt":"2025-10-28T06:06:50","slug":"page-de-remerciement","status":"publish","type":"page","link":"https:\/\/formationtradingforex.com\/vi\/page-de-remerciement\/","title":{"rendered":"PAGE DE REMERCIEMENT"},"content":{"rendered":"<div data-elementor-type=\"wp-page\" data-elementor-id=\"1869\" class=\"elementor elementor-1869\" data-elementor-post-type=\"page\">\n\t\t\t\t\t\t<section class=\"elementor-section elementor-top-section elementor-element elementor-element-3d18f171 elementor-section-height-full animated-fast elementor-section-boxed elementor-section-height-default elementor-section-items-middle elementor-invisible\" data-id=\"3d18f171\" data-element_type=\"section\" data-e-type=\"section\" data-settings=\"{&quot;background_background&quot;:&quot;classic&quot;,&quot;animation&quot;:&quot;fadeInDown&quot;}\">\n\t\t\t\t\t\t\t<div class=\"elementor-background-overlay\"><\/div>\n\t\t\t\t\t\t\t<div class=\"elementor-container elementor-column-gap-default\">\n\t\t\t\t\t<div class=\"elementor-column elementor-col-100 elementor-top-column elementor-element elementor-element-7451a0d5\" data-id=\"7451a0d5\" data-element_type=\"column\" data-e-type=\"column\">\n\t\t\t<div class=\"elementor-widget-wrap elementor-element-populated\">\n\t\t\t\t\t\t<div class=\"elementor-element elementor-element-4c67c661 elementor-view-default elementor-widget elementor-widget-icon\" data-id=\"4c67c661\" data-element_type=\"widget\" data-e-type=\"widget\" data-widget_type=\"icon.default\">\n\t\t\t\t\t\t\t<div class=\"elementor-icon-wrapper\">\n\t\t\t<div class=\"elementor-icon\">\n\t\t\t\t\t\t<\/div>\n\t\t<\/div>\n\t\t\t\t\t\t<\/div>\n\t\t\t\t<div class=\"elementor-element elementor-element-11f83ec1 elementor-widget elementor-widget-heading\" data-id=\"11f83ec1\" data-element_type=\"widget\" data-e-type=\"widget\" data-widget_type=\"heading.default\">\n\t\t\t\t\t<h1 class=\"elementor-heading-title elementor-size-default\">MERCI POUR VOTRE COMMANDE<\/h1>\t\t\t\t<\/div>\n\t\t\t\t<div class=\"elementor-element elementor-element-e37fca0 elementor-widget elementor-widget-text-editor\" data-id=\"e37fca0\" data-element_type=\"widget\" data-e-type=\"widget\" data-widget_type=\"text-editor.default\">\n\t\t\t\t\t\t\t\t\t<p>Vous allez recevoir un mail de confirmation. V\u00e9rifiez vos courriers ind\u00e9sirables si vous ne le recevez pas dans votre bo\u00eete de r\u00e9ception principale. N&rsquo;h\u00e9sitez pas \u00e0 nous contacter !<\/p>\t\t\t\t\t\t\t\t<\/div>\n\t\t\t\t<div class=\"elementor-element elementor-element-f69a525 elementor-align-center elementor-widget elementor-widget-button\" data-id=\"f69a525\" data-element_type=\"widget\" data-e-type=\"widget\" data-widget_type=\"button.default\">\n\t\t\t\t\t\t\t\t\t\t<a class=\"elementor-button elementor-button-link elementor-size-sm\" href=\"https:\/\/xenesyproject.com\/portal-login\/\" target=\"_blank\" rel=\"noopener\">\n\t\t\t\t\t\t<span class=\"elementor-button-content-wrapper\">\n\t\t\t\t\t\t\t\t\t<span class=\"elementor-button-text\">me connecter<\/span>\n\t\t\t\t\t<\/span>\n\t\t\t\t\t<\/a>\n\t\t\t\t\t\t\t\t<\/div>\n\t\t\t\t\t<\/div>\n\t\t<\/div>\n\t\t\t\t\t<\/div>\n\t\t<\/section>\n\t\t\t\t<\/div>","protected":false},"excerpt":{"rendered":"<p>MERCI POUR VOTRE COMMANDE Vous allez recevoir un mail de confirmation. V\u00e9rifiez vos courriers ind\u00e9sirables si vous ne le recevez pas dans votre bo\u00eete de r\u00e9ception principale. N&rsquo;h\u00e9sitez pas \u00e0 nous contacter ! me connecter<\/p>","protected":false},"author":1,"featured_media":0,"parent":0,"menu_order":0,"comment_status":"closed","ping_status":"closed","template":"elementor_canvas","meta":{"footnotes":""},"class_list":["post-1869","page","type-page","status-publish","hentry"],"_links":{"self":[{"href":"https:\/\/formationtradingforex.com\/vi\/wp-json\/wp\/v2\/pages\/1869","targetHints":{"allow":["GET"]}}],"collection":[{"href":"https:\/\/formationtradingforex.com\/vi\/wp-json\/wp\/v2\/pages"}],"about":[{"href":"https:\/\/formationtradingforex.com\/vi\/wp-json\/wp\/v2\/types\/page"}],"author":[{"embeddable":true,"href":"https:\/\/formationtradingforex.com\/vi\/wp-json\/wp\/v2\/users\/1"}],"replies":[{"embeddable":true,"href":"https:\/\/formationtradingforex.com\/vi\/wp-json\/wp\/v2\/comments?post=1869"}],"version-history":[{"count":3,"href":"https:\/\/formationtradingforex.com\/vi\/wp-json\/wp\/v2\/pages\/1869\/revisions"}],"predecessor-version":[{"id":16277,"href":"https:\/\/formationtradingforex.com\/vi\/wp-json\/wp\/v2\/pages\/1869\/revisions\/16277"}],"wp:attachment":[{"href":"https:\/\/formationtradingforex.com\/vi\/wp-json\/wp\/v2\/media?parent=1869"}],"curies":[{"name":"wp","href":"https:\/\/api.w.org\/{rel}","templated":true}]}}