{"id":1015,"date":"2024-10-28T16:31:29","date_gmt":"2024-10-28T16:31:29","guid":{"rendered":"https:\/\/formationtradingforex.com\/?page_id=1015"},"modified":"2025-11-04T12:43:28","modified_gmt":"2025-11-04T12:43:28","slug":"formation-chandelier-japonais","status":"publish","type":"page","link":"https:\/\/formationtradingforex.com\/vi\/formation-chandelier-japonais\/","title":{"rendered":"Formation Chandelier Japonais"},"content":{"rendered":"<div data-elementor-type=\"wp-page\" data-elementor-id=\"1015\" class=\"elementor elementor-1015\" data-elementor-post-type=\"page\">\n\t\t\t\t\t\t<section class=\"elementor-section elementor-top-section elementor-element elementor-element-7e359471 elementor-section-height-full animated-fast elementor-section-boxed elementor-section-height-default elementor-section-items-middle elementor-invisible\" data-id=\"7e359471\" data-element_type=\"section\" data-e-type=\"section\" data-settings=\"{&quot;background_background&quot;:&quot;classic&quot;,&quot;animation&quot;:&quot;fadeInDown&quot;}\">\n\t\t\t\t\t\t\t<div class=\"elementor-background-overlay\"><\/div>\n\t\t\t\t\t\t\t<div class=\"elementor-container elementor-column-gap-default\">\n\t\t\t\t\t<div class=\"elementor-column elementor-col-100 elementor-top-column elementor-element elementor-element-4002cdf2\" data-id=\"4002cdf2\" data-element_type=\"column\" data-e-type=\"column\">\n\t\t\t<div class=\"elementor-widget-wrap elementor-element-populated\">\n\t\t\t\t\t\t<div class=\"elementor-element elementor-element-58340ef elementor-view-default elementor-widget elementor-widget-icon\" data-id=\"58340ef\" data-element_type=\"widget\" data-e-type=\"widget\" data-widget_type=\"icon.default\">\n\t\t\t\t\t\t\t<div class=\"elementor-icon-wrapper\">\n\t\t\t<div class=\"elementor-icon\">\n\t\t\t<svg aria-hidden=\"true\" class=\"e-font-icon-svg e-fas-ellipsis-h\" viewbox=\"0 0 512 512\" xmlns=\"http:\/\/www.w3.org\/2000\/svg\"><path d=\"M328 256c0 39.8-32.2 72-72 72s-72-32.2-72-72 32.2-72 72-72 72 32.2 72 72zm104-72c-39.8 0-72 32.2-72 72s32.2 72 72 72 72-32.2 72-72-32.2-72-72-72zm-352 0c-39.8 0-72 32.2-72 72s32.2 72 72 72 72-32.2 72-72-32.2-72-72-72z\"><\/path><\/svg>\t\t\t<\/div>\n\t\t<\/div>\n\t\t\t\t\t\t<\/div>\n\t\t\t\t<div class=\"elementor-element elementor-element-790a36e8 elementor-widget elementor-widget-heading\" data-id=\"790a36e8\" data-element_type=\"widget\" data-e-type=\"widget\" data-widget_type=\"heading.default\">\n\t\t\t\t\t<h4 class=\"elementor-heading-title elementor-size-default\">Ma\u00eetriser la lecture des chandeliers Japonais \u00e0 la perfection<\/h4>\t\t\t\t<\/div>\n\t\t\t\t<div class=\"elementor-element elementor-element-68e70534 elementor-widget elementor-widget-heading\" data-id=\"68e70534\" data-element_type=\"widget\" data-e-type=\"widget\" data-widget_type=\"heading.default\">\n\t\t\t\t\t<h1 class=\"elementor-heading-title elementor-size-default\">Formation Sp\u00e9cialisation des chandeliers Japonais<\/h1>\t\t\t\t<\/div>\n\t\t\t\t<div class=\"elementor-element elementor-element-7ab3612 elementor-align-center elementor-widget elementor-widget-button\" data-id=\"7ab3612\" data-element_type=\"widget\" data-e-type=\"widget\" data-widget_type=\"button.default\">\n\t\t\t\t\t\t\t\t\t\t<a class=\"elementor-button elementor-button-link elementor-size-sm\" href=\"https:\/\/xenesyproject.com\/products\/formation-trading-chandeliers-japonais\/\" target=\"_blank\" title=\"formation trading chandeliers japonais\" rel=\"noopener\">\n\t\t\t\t\t\t<span class=\"elementor-button-content-wrapper\">\n\t\t\t\t\t\t\t\t\t<span class=\"elementor-button-text\">Lancement en 2026 - pr\u00e9 vente ouverte <\/span>\n\t\t\t\t\t<\/span>\n\t\t\t\t\t<\/a>\n\t\t\t\t\t\t\t\t<\/div>\n\t\t\t\t\t<\/div>\n\t\t<\/div>\n\t\t\t\t\t<\/div>\n\t\t<\/section>\n\t\t\t\t<\/div>","protected":false},"excerpt":{"rendered":"<p>Ma\u00eetriser la lecture des chandeliers Japonais \u00e0 la perfection Formation Sp\u00e9cialisation des chandeliers Japonais Lancement en 2026 &#8211; pr\u00e9 vente ouverte<\/p>","protected":false},"author":1,"featured_media":436,"parent":0,"menu_order":0,"comment_status":"closed","ping_status":"closed","template":"elementor_header_footer","meta":{"footnotes":""},"class_list":["post-1015","page","type-page","status-publish","has-post-thumbnail","hentry"],"_links":{"self":[{"href":"https:\/\/formationtradingforex.com\/vi\/wp-json\/wp\/v2\/pages\/1015","targetHints":{"allow":["GET"]}}],"collection":[{"href":"https:\/\/formationtradingforex.com\/vi\/wp-json\/wp\/v2\/pages"}],"about":[{"href":"https:\/\/formationtradingforex.com\/vi\/wp-json\/wp\/v2\/types\/page"}],"author":[{"embeddable":true,"href":"https:\/\/formationtradingforex.com\/vi\/wp-json\/wp\/v2\/users\/1"}],"replies":[{"embeddable":true,"href":"https:\/\/formationtradingforex.com\/vi\/wp-json\/wp\/v2\/comments?post=1015"}],"version-history":[{"count":3,"href":"https:\/\/formationtradingforex.com\/vi\/wp-json\/wp\/v2\/pages\/1015\/revisions"}],"predecessor-version":[{"id":16350,"href":"https:\/\/formationtradingforex.com\/vi\/wp-json\/wp\/v2\/pages\/1015\/revisions\/16350"}],"wp:featuredmedia":[{"embeddable":true,"href":"https:\/\/formationtradingforex.com\/vi\/wp-json\/"}],"wp:attachment":[{"href":"https:\/\/formationtradingforex.com\/vi\/wp-json\/wp\/v2\/media?parent=1015"}],"curies":[{"name":"wp","href":"https:\/\/api.w.org\/{rel}","templated":true}]}}